{"id":20,"date":"2025-11-14T15:54:54","date_gmt":"2025-11-14T15:54:54","guid":{"rendered":"http:\/\/psynova.fr\/?page_id=20"},"modified":"2025-11-28T20:34:19","modified_gmt":"2025-11-28T20:34:19","slug":"services","status":"publish","type":"page","link":"https:\/\/psynova.fr\/index.php\/services\/","title":{"rendered":"Notre Offre"},"content":{"rendered":"\n<div class=\"wp-block-group wow animate__animated animate__fadeInUp r-spacing has-global-padding is-layout-constrained wp-container-core-group-is-layout-97fdf660 wp-block-group-is-layout-constrained\" style=\"margin-top:0;margin-bottom:100px;padding-top:0;padding-right:20px;padding-bottom:0;padding-left:20px\">\n<div class=\"wp-block-group has-global-padding is-layout-constrained wp-container-core-group-is-layout-dca46307 wp-block-group-is-layout-constrained\" style=\"margin-top:0px;margin-bottom:60px\">\n<h1 class=\"wp-block-heading has-text-align-center\" style=\"padding-bottom:10px;font-style:normal;font-weight:700\"><strong>Quatre Raisons de Choisir <\/strong><mark style=\"background-color:rgba(0, 0, 0, 0)\" class=\"has-inline-color has-primary-color\"><strong>Psynova<\/strong><\/mark><\/h1>\n\n\n\n<p class=\"has-text-align-center\" style=\"margin-top:0;margin-bottom:0\">Chaque parcours est unique. Nos psy virtuels s&rsquo;adaptent \u00e0 vos besoins sp\u00e9cifiques pour vous offrir le soutien qui vous correspond.<\/p>\n<\/div>\n\n\n\n<div class=\"wp-block-group has-global-padding is-layout-constrained wp-container-core-group-is-layout-dadd0ff5 wp-block-group-is-layout-constrained\">\n<div class=\"wp-block-columns are-vertically-aligned-center is-layout-flex wp-container-core-columns-is-layout-d0bbbce0 wp-block-columns-is-layout-flex\">\n<div class=\"wp-block-column is-vertically-aligned-center is-layout-flow wp-block-column-is-layout-flow\" style=\"flex-basis:40%\">\n<div class=\"wp-block-cover\" style=\"border-radius:10px;min-height:687px;aspect-ratio:unset;\"><img loading=\"lazy\" decoding=\"async\" width=\"1024\" height=\"1024\" class=\"wp-block-cover__image-background wp-image-171 size-large\" alt=\"\" src=\"https:\/\/psynova.fr\/wp-content\/uploads\/2025\/11\/Lucid_Origin___Prompt_Leonardo_AI__Logo_PSYNOVA_Version_profes_2-1024x1024.jpg\" data-object-fit=\"cover\" srcset=\"https:\/\/psynova.fr\/wp-content\/uploads\/2025\/11\/Lucid_Origin___Prompt_Leonardo_AI__Logo_PSYNOVA_Version_profes_2-1024x1024.jpg 1024w, https:\/\/psynova.fr\/wp-content\/uploads\/2025\/11\/Lucid_Origin___Prompt_Leonardo_AI__Logo_PSYNOVA_Version_profes_2-300x300.jpg 300w, https:\/\/psynova.fr\/wp-content\/uploads\/2025\/11\/Lucid_Origin___Prompt_Leonardo_AI__Logo_PSYNOVA_Version_profes_2-150x150.jpg 150w, https:\/\/psynova.fr\/wp-content\/uploads\/2025\/11\/Lucid_Origin___Prompt_Leonardo_AI__Logo_PSYNOVA_Version_profes_2-768x768.jpg 768w, https:\/\/psynova.fr\/wp-content\/uploads\/2025\/11\/Lucid_Origin___Prompt_Leonardo_AI__Logo_PSYNOVA_Version_profes_2.jpg 1200w\" sizes=\"auto, (max-width: 1024px) 100vw, 1024px\" \/><span aria-hidden=\"true\" class=\"wp-block-cover__background has-background-dim-0 has-background-dim\"><\/span><div class=\"wp-block-cover__inner-container has-global-padding is-layout-constrained wp-block-cover-is-layout-constrained\">\n<p class=\"has-text-align-center has-large-font-size\"><\/p>\n<\/div><\/div>\n<\/div>\n\n\n\n<div class=\"wp-block-column is-vertically-aligned-center is-layout-flow wp-block-column-is-layout-flow\">\n<div class=\"wp-block-group is-layout-grid wp-container-core-group-is-layout-6f4f7a71 wp-block-group-is-layout-grid\">\n<div class=\"wp-block-group has-global-padding is-layout-constrained wp-container-core-group-is-layout-4474b0c1 wp-block-group-is-layout-constrained\">\n<figure class=\"wp-block-image size-full is-resized wp-duotone-ffffff-ffffff-1\"><img decoding=\"async\" src=\"http:\/\/psynova.fr\/wp-content\/themes\/agencygrove-dark\/assets\/images\/icon1.png\" alt=\"\" class=\"wp-image-923\" style=\"width:48px\"\/><\/figure>\n\n\n\n<h2 class=\"wp-block-heading has-mdm-large-font-size\" style=\"margin-top:var(--wp--preset--spacing--10)\"><strong>Accompagnement Personnalis\u00e9 :<\/strong><\/h2>\n\n\n\n<p>Avez-vous d\u00e9j\u00e0 ressenti le besoin d\u2019un soutien qui vous ressemble ? <strong>Psynova<\/strong> vous offre la possibilit\u00e9 de b\u00e9n\u00e9ficier de 30 minutes de supervision par un vrai psy chaque mois. Cela garantit un parcours sur mesure, adapt\u00e9 \u00e0 vos besoins et \u00e0 votre \u00e9volution.<\/p>\n<\/div>\n\n\n\n<div class=\"wp-block-group has-global-padding is-layout-constrained wp-container-core-group-is-layout-4474b0c1 wp-block-group-is-layout-constrained\">\n<figure class=\"wp-block-image size-full is-resized wp-duotone-ffffff-ffffff-2\"><img decoding=\"async\" src=\"http:\/\/psynova.fr\/wp-content\/themes\/agencygrove-dark\/assets\/images\/icon3.png\" alt=\"\" class=\"wp-image-924\" style=\"width:45px\"\/><\/figure>\n\n\n\n<h2 class=\"wp-block-heading has-mdm-large-font-size\" style=\"margin-top:var(--wp--preset--spacing--10)\"><strong>Acc\u00e8s Illimit\u00e9 \u00e0 des Psy Virtuels :<\/strong><\/h2>\n\n\n\n<p>Fini les attentes interminables ! Avec <strong>Psynova<\/strong>, vous avez acc\u00e8s \u00e0 une \u00e9quipe de psy virtuels disponibles en permanence. Que ce soit pour g\u00e9rer des crises d\u2019anxi\u00e9t\u00e9 ou explorer des outils de d\u00e9veloppement personnel, nous avons le sp\u00e9cialiste adapt\u00e9 \u00e0 votre demande.<\/p>\n<\/div>\n\n\n\n<div class=\"wp-block-group has-global-padding is-layout-constrained wp-container-core-group-is-layout-4474b0c1 wp-block-group-is-layout-constrained\">\n<figure class=\"wp-block-image size-full is-resized wp-duotone-ffffff-ffffff-3\"><img decoding=\"async\" src=\"http:\/\/psynova.fr\/wp-content\/themes\/agencygrove-dark\/assets\/images\/icon4.png\" alt=\"\" class=\"wp-image-925\" style=\"width:48px\"\/><\/figure>\n\n\n\n<h2 class=\"wp-block-heading has-mdm-large-font-size\" style=\"margin-top:var(--wp--preset--spacing--10)\"><strong>Flexibilit\u00e9 et Accessibilit\u00e9 :<\/strong><\/h2>\n\n\n\n<p>La sant\u00e9 mentale devrait \u00eatre \u00e0 port\u00e9e de main. Profitez d\u2019un acc\u00e8s 24\/7 \u00e0 nos services, que vous soyez chez vous, en d\u00e9placement ou au travail. <strong>Psynova<\/strong> s&rsquo;adapte \u00e0 votre emploi du temps, afin que vous puissiez prendre soin de vous quand cela vous convient.<\/p>\n<\/div>\n\n\n\n<div class=\"wp-block-group has-global-padding is-layout-constrained wp-container-core-group-is-layout-4474b0c1 wp-block-group-is-layout-constrained\">\n<figure class=\"wp-block-image size-full is-resized wp-duotone-ffffff-ffffff-4\"><img decoding=\"async\" src=\"http:\/\/psynova.fr\/wp-content\/themes\/agencygrove-dark\/assets\/images\/icon6.png\" alt=\"\" class=\"wp-image-926\" style=\"width:45px\"\/><\/figure>\n\n\n\n<h2 class=\"wp-block-heading has-mdm-large-font-size\" style=\"margin-top:var(--wp--preset--spacing--10)\"><strong>Innovation Bas\u00e9e sur la Recherche :<\/strong><\/h2>\n\n\n\n<p>Nous int\u00e9grons des approches modernes et bas\u00e9es sur des donn\u00e9es probantes. Gr\u00e2ce \u00e0 notre collaboration avec des instituts de recherche, vous b\u00e9n\u00e9ficiez d\u2019outils innovants et efficaces pour am\u00e9liorer votre bien-\u00eatre mental.<\/p>\n<\/div>\n<\/div>\n<\/div>\n<\/div>\n<\/div>\n<\/div>\n\n\n\n<div class=\"wp-block-cover banner-cover\" style=\"margin-top:0;margin-bottom:0;padding-top:80px;padding-right:20px;padding-bottom:80px;padding-left:20px;min-height:2512px;aspect-ratio:unset;\"><img decoding=\"async\" class=\"wp-block-cover__image-background wp-image-866 size-full\" alt=\"\" src=\"https:\/\/psynova.fr\/wp-content\/themes\/agencygrove-dark\/assets\/images\/banner.jpg\" style=\"object-position:57% 53%\" data-object-fit=\"cover\" data-object-position=\"57% 53%\"\/><span aria-hidden=\"true\" class=\"wp-block-cover__background has-base-2-background-color has-background-dim-100 has-background-dim\"><\/span><div class=\"wp-block-cover__inner-container has-global-padding is-layout-constrained wp-container-core-cover-is-layout-7c9fa066 wp-block-cover-is-layout-constrained\">\n<div class=\"wp-block-columns are-vertically-aligned-center animate__animated animate__fadeInUp is-layout-flex wp-container-core-columns-is-layout-ec2e7a44 wp-block-columns-is-layout-flex\" style=\"padding-top:0;padding-bottom:0\">\n<div class=\"wp-block-column is-vertically-aligned-center is-layout-flow wp-block-column-is-layout-flow\" style=\"padding-top:40px;padding-bottom:40px\">\n<h1 class=\"wp-block-heading\">Freemium ou <mark style=\"background-color:rgba(0, 0, 0, 0)\" class=\"has-inline-color has-primary-color\">Premium<\/mark><\/h1>\n\n\n\n<p>Chez <strong>Psynova<\/strong>, vous \u00eates libre de commencer \u00e0 votre rythme.<br>Nous proposons deux niveaux d\u2019accompagnement :<br><strong>Freemium<\/strong>, pour d\u00e9couvrir la plateforme,<br>et <strong>Premium<\/strong>, pour un suivi complet et continu.<\/p>\n\n\n\n<hr class=\"wp-block-separator has-alpha-channel-opacity\"\/>\n\n\n\n<h2 class=\"wp-block-heading\"><strong>Freemium \u2014 Pour D\u00e9couvrir, se soulager doucement<\/strong><\/h2>\n\n\n\n<p>Le Freemium vous offre un premier espace pour d\u00e9poser ce que vous ressentez et recevoir une aide imm\u00e9diate.<\/p>\n\n\n\n<p><strong>Inclus dans l\u2019offre Freemium :<\/strong><\/p>\n\n\n\n<ul class=\"wp-block-list\">\n<li>Acc\u00e8s illimit\u00e9 de 48h \u00e0 <strong>Eva<\/strong>, votre psy virtuel d\u2019\u00e9coute et de soutien \u00e9motionnel<\/li>\n\n\n\n<li>Un <strong>mini-bilan \u00e9motionnel<\/strong> personnalis\u00e9<\/li>\n\n\n\n<li>Une <strong>session de d\u00e9couverte<\/strong> avec un psychologue humain (15 minutes)<\/li>\n\n\n\n<li>Des outils de bien-\u00eatre simples pour vous apaiser au quotidien<\/li>\n<\/ul>\n\n\n\n<p>Le Freemium est parfait pour faire un premier pas, briser l\u2019isolement et commencer \u00e0 reprendre le contr\u00f4le de votre \u00e9quilibre \u00e9motionnel.<\/p>\n\n\n\n<blockquote class=\"wp-block-quote is-layout-flow wp-block-quote-is-layout-flow\">\n<h2 class=\"wp-block-heading\"><strong><mark style=\"background-color:rgba(0, 0, 0, 0)\" class=\"has-inline-color has-primary-color\">Freemium : un soutien essentiel, quand vous en avez besoin.<\/mark><\/strong><\/h2>\n\n\n\n<div class=\"wp-block-buttons is-layout-flex wp-block-buttons-is-layout-flex\">\n<div class=\"wp-block-button\"><a class=\"wp-block-button__link wp-element-button\" href=\"https:\/\/psynova.fr\/index.php\/membership-join\/membership-registration\/\">D\u00e9couvrir<\/a><\/div>\n<\/div>\n<\/blockquote>\n\n\n\n<hr class=\"wp-block-separator has-alpha-channel-opacity\"\/>\n\n\n\n<h2 class=\"wp-block-heading\"><strong>Premium \u2014 Votre \u00e9quipe de 5 psys, 24h\/24, pour un vrai changement<\/strong><\/h2>\n\n\n\n<p>L\u2019offre Premium d\u00e9bloque tout le potentiel de Psynova :<br>c\u2019est un accompagnement r\u00e9el, complet et supervis\u00e9, con\u00e7u pour transformer votre bien-\u00eatre sur le long terme.<\/p>\n\n\n\n<p><strong>Inclus dans l\u2019offre Premium (80 \u20ac\/mois) :<\/strong><\/p>\n\n\n\n<ul class=\"wp-block-list\">\n<li><strong>1 consultation mensuelle<\/strong> avec un psychologue dipl\u00f4m\u00e9<\/li>\n\n\n\n<li>Acc\u00e8s illimit\u00e9 \u00e0 <strong>quatre psys virtuels compl\u00e9mentaires :<\/strong><\/li>\n\n\n\n<li><strong>Elise Moreau <\/strong>\u2014 soutien \u00e9motionnel<\/li>\n\n\n\n<li><strong>Alain Delmasse<\/strong> \u2014 motivation et strat\u00e9gies concr\u00e8tes<\/li>\n\n\n\n<li><strong>Eva Delaunay<\/strong> \u2014 introspection et compr\u00e9hension de soi<\/li>\n\n\n\n<li><strong>Franck Legall <\/strong>\u2014 lucidit\u00e9, analyse et clart\u00e9 psychologique<\/li>\n\n\n\n<li>Une <strong>m\u00e9moire \u00e9motionnelle intelligente<\/strong> qui suit votre \u00e9volution<\/li>\n\n\n\n<li>Un programme d\u2019exercices th\u00e9rapeutiques personnalis\u00e9s<\/li>\n\n\n\n<li>Une <strong>supervision humaine<\/strong> pour garantir s\u00e9curit\u00e9 et coh\u00e9rence<\/li>\n\n\n\n<li>Une disponibilit\u00e9 <strong>7j\/7 et 24h\/24<\/strong>, sans rendez-vous, sans attente<\/li>\n\n\n\n<li>Des recommandations sur mesure adapt\u00e9es \u00e0 vos besoins<\/li>\n<\/ul>\n\n\n\n<blockquote class=\"wp-block-quote is-layout-flow wp-block-quote-is-layout-flow\">\n<h2 class=\"wp-block-heading\"><strong><mark style=\"background-color:rgba(0, 0, 0, 0)\" class=\"has-inline-color has-primary-color\">Premium : un accompagnement continu, une \u00e9quipe autour de vous, un v\u00e9ritable changement.<\/mark><\/strong><\/h2>\n\n\n<div class=\"swpm-payment-button\"><div class=\"swpm-button-wrapper swpm-stripe-buy-now-wrapper\"><form id='swpm-stripe-payment-form-ad10f9fcd0298f08b6934670b6d9ede3' action='https:\/\/psynova.fr\/?swpm_process_stripe_sca_buy_now=1&ref_id=swpm_ad10f9fcd0298f08b6934670b6d9ede3|284' METHOD='POST'> <div style='display: none !important'>\t<script>\n        document.addEventListener('DOMContentLoaded', function (){\n            const swpmStripeSCAPaymentFrom = document.getElementById('swpm-stripe-payment-form-ad10f9fcd0298f08b6934670b6d9ede3');\n            swpmStripeSCAPaymentFrom?.addEventListener('submit', async function (e){\n                e.preventDefault();\n\n                let submitBUtton = this.querySelector('button');\n                if ( ! submitBUtton ){\n                    \/\/ Using image type button\n                    submitBUtton = this.querySelector('input[type=\"image\"]');\n                }\n\n                submitBUtton?.setAttribute('disabled', true);\n\n                const stripe_js_obj = stripe_284;\n                const request_url = 'https:\/\/psynova.fr\/wp-admin\/admin-ajax.php';\n                const payload = new URLSearchParams({\n                    action: 'swpm_stripe_sca_create_checkout_session',\n                    swpm_button_id: 284,\n                    payment_method_types: '',\n                    swpm_page_url: 'https:\/\/psynova.fr\/index.php\/wp-json\/wp\/v2\/pages\/20',\n                    swpm_uniqid: 'ad10f9fcd0298f08b6934670b6d9ede3'\n                });\n                try {\n                    let response = await fetch(request_url ,{\n                        method: 'POST',\n                        headers: {\n                            'Content-Type': 'application\/x-www-form-urlencoded',\n                        },\n                        body: payload\n                    })\n\n                    if (!response.ok) {\n                        \/\/ HTTP error codes (e.g. 404, 500)\n                        throw new Error(\"Error code: \" + response.status);\n                    }\n\n                    response = await response.json();\n\n                    if (!response.error) {\n                        stripe_js_obj.redirectToCheckout({\n                            sessionId: response.session_id\n                        }).then(function (result) {\n                            \/\/\n                        });\n                    } else {\n                        alert(response.error);\n                        submitBUtton?.removeAttribute('disabled');\n                        return false;\n                    }\n\n                } catch (e) {\n                    alert(\"HTTP error occurred during AJAX request. Error: \"+ e.message);\n                    submitBUtton?.removeAttribute('disabled');\n                    return false;\n                }\n            })\n\t\t});\n\t<\/script>\n\t<\/div><button id='284' type='submit' class='stripe-button-el'><span>Payer maintenant<\/span><\/button><\/form><\/div><\/div>\n<\/blockquote>\n\n\n\n<hr class=\"wp-block-separator has-alpha-channel-opacity\"\/>\n\n\n\n<h2 class=\"wp-block-heading\"><strong>Freemium vs <mark style=\"background-color:rgba(0, 0, 0, 0)\" class=\"has-inline-color has-primary-color\">Premium<\/mark> : ce qui fait la diff\u00e9rence<\/strong><\/h2>\n\n\n\n<p>Le Freemium vous aide \u00e0 tenir.<br><strong>Le Premium vous aide \u00e0 \u00e9voluer.<\/strong><\/p>\n\n\n\n<p>Avec le Premium, vous n\u2019\u00eates plus seul entre deux s\u00e9ances.<br>Vous b\u00e9n\u00e9ficiez d\u2019un soutien constant, d\u2019une r\u00e9elle compr\u00e9hension et d\u2019un parcours th\u00e9rapeutique coh\u00e9rent.<\/p>\n\n\n\n<hr class=\"wp-block-separator has-alpha-channel-opacity\"\/>\n\n\n\n<h2 class=\"wp-block-heading\">Quel niveau choisir ?<\/h2>\n\n\n\n<ul class=\"wp-block-list\">\n<li><strong>Vous h\u00e9sitez ?<\/strong> Commencez par le <mark style=\"background-color:rgba(0, 0, 0, 0)\" class=\"has-inline-color has-primary-color\"><strong>Freemium.<\/strong><\/mark><\/li>\n\n\n\n<li><strong>Vous voulez aller mieux, vraiment ?<\/strong> Le <mark style=\"background-color:rgba(0, 0, 0, 0)\" class=\"has-inline-color has-primary-color\"><strong>Premium<\/strong> <\/mark>est fait pour vous.<\/li>\n\n\n\n<li><strong>Vous avez besoin d\u2019un soutien imm\u00e9diat et continu ?<\/strong> Choisissez Premium.<\/li>\n\n\n\n<li><strong>Vous souhaitez simplement explorer Psynova ?<\/strong> Le Freemium suffit pour commencer.<\/li>\n<\/ul>\n\n\n\n<h2 class=\"wp-block-heading\">Quoi que vous choisissiez, <mark style=\"background-color:rgba(0, 0, 0, 0)\" class=\"has-inline-color has-primary-color\"><strong>Psynova vous accompagne<\/strong><\/mark><\/h2>\n\n\n\n<hr class=\"wp-block-separator has-alpha-channel-opacity\"\/>\n\n\n\n<figure class=\"wp-block-table is-style-regular\"><table class=\"has-contrast-color has-text-color has-link-color has-fixed-layout\" style=\"border-width:1px\"><thead><tr><th>Fonction<\/th><th>Freemium<\/th><th>Premium<\/th><\/tr><\/thead><tbody><tr><td>Acc\u00e8s aux IA<\/td><td>1 Psy virtuel pendant 48h<\/td><td>4 Psys virtuels 24h\/24<\/td><\/tr><tr><td>Personnalisation<\/td><td>\u274c<\/td><td>\u2714 avanc\u00e9e<\/td><\/tr><tr><td>M\u00e9moire \u00e9motionnelle<\/td><td>\u274c<\/td><td>\u2714 analyse continue<\/td><\/tr><tr><td>S\u00e9ance avec un Psychologue <\/td><td>1 session d\u00e9couverte<\/td><td>1 consultation avec un Psychologue \/mois<\/td><\/tr><tr><td>Disponibilit\u00e9<\/td><td>Limit\u00e9 \u00e0 48h<\/td><td>Illimit\u00e9 24\/7<\/td><\/tr><tr><td>Exercices<\/td><td>\u274c<\/td><td>Th\u00e9rapeutiques cibl\u00e9s<\/td><\/tr><tr><td>Suivi<\/td><td>\u274c<\/td><td>Supervision par Psychologue dipl\u00f4m\u00e9<\/td><\/tr><tr><td>Bilan \u00e9motionnel<\/td><td>\u274c<\/td><td>Complet + recommandations<\/td><\/tr><tr><td>Prix<\/td><td>0 \u20ac<\/td><td><strong>80 \u20ac\/mois<\/strong><\/td><\/tr><\/tbody><\/table><\/figure>\n<\/div>\n<\/div>\n<\/div><\/div>\n","protected":false},"excerpt":{"rendered":"<p>Quatre Raisons de Choisir Psynova Chaque parcours est unique. Nos psy virtuels s&rsquo;adaptent \u00e0 vos besoins sp\u00e9cifiques pour vous offrir le soutien qui vous correspond. Accompagnement Personnalis\u00e9 : Avez-vous d\u00e9j\u00e0 ressenti le besoin d\u2019un soutien qui vous ressemble ? Psynova vous offre la possibilit\u00e9 de b\u00e9n\u00e9ficier de 30 minutes de supervision par un vrai psy [&hellip;]<\/p>\n","protected":false},"author":1,"featured_media":7,"parent":0,"menu_order":0,"comment_status":"closed","ping_status":"closed","template":"","meta":{"footnotes":""},"class_list":["post-20","page","type-page","status-publish","has-post-thumbnail","hentry"],"_links":{"self":[{"href":"https:\/\/psynova.fr\/index.php\/wp-json\/wp\/v2\/pages\/20","targetHints":{"allow":["GET"]}}],"collection":[{"href":"https:\/\/psynova.fr\/index.php\/wp-json\/wp\/v2\/pages"}],"about":[{"href":"https:\/\/psynova.fr\/index.php\/wp-json\/wp\/v2\/types\/page"}],"author":[{"embeddable":true,"href":"https:\/\/psynova.fr\/index.php\/wp-json\/wp\/v2\/users\/1"}],"replies":[{"embeddable":true,"href":"https:\/\/psynova.fr\/index.php\/wp-json\/wp\/v2\/comments?post=20"}],"version-history":[{"count":5,"href":"https:\/\/psynova.fr\/index.php\/wp-json\/wp\/v2\/pages\/20\/revisions"}],"predecessor-version":[{"id":321,"href":"https:\/\/psynova.fr\/index.php\/wp-json\/wp\/v2\/pages\/20\/revisions\/321"}],"wp:featuredmedia":[{"embeddable":true,"href":"https:\/\/psynova.fr\/index.php\/wp-json\/wp\/v2\/media\/7"}],"wp:attachment":[{"href":"https:\/\/psynova.fr\/index.php\/wp-json\/wp\/v2\/media?parent=20"}],"curies":[{"name":"wp","href":"https:\/\/api.w.org\/{rel}","templated":true}]}}