{"id":107,"date":"2025-11-19T12:57:59","date_gmt":"2025-11-19T12:57:59","guid":{"rendered":"https:\/\/psynova.fr\/index.php\/membership-join\/membership-registration\/"},"modified":"2025-11-28T20:40:07","modified_gmt":"2025-11-28T20:40:07","slug":"membership-registration","status":"publish","type":"page","link":"https:\/\/psynova.fr\/index.php\/membership-join\/membership-registration\/","title":{"rendered":"Inscription Freemium"},"content":{"rendered":"\n<h2 class=\"wp-block-heading\"><strong><mark style=\"background-color:rgba(0, 0, 0, 0)\" class=\"has-inline-color has-primary-color\">Freemium<\/mark> <\/strong>\u2014 Pour D\u00e9couvrir, se soulager doucement<\/h2>\n\n\n\n<p>Le Freemium vous offre un premier espace pour d\u00e9poser ce que vous ressentez et recevoir une aide imm\u00e9diate.<\/p>\n\n\n\n<p><strong>Inclus dans l\u2019offre Freemium :<\/strong><\/p>\n\n\n\n<ul class=\"wp-block-list\">\n<li>Acc\u00e8s illimit\u00e9 de 48h \u00e0&nbsp;<strong>Eva<\/strong>, votre psy virtuel d\u2019\u00e9coute et de soutien \u00e9motionnel<\/li>\n\n\n\n<li>Un&nbsp;<strong>mini-bilan \u00e9motionnel<\/strong>&nbsp;personnalis\u00e9<\/li>\n\n\n\n<li>Une&nbsp;<strong>session de d\u00e9couverte<\/strong>&nbsp;avec un psychologue humain (15 minutes)<\/li>\n\n\n\n<li>Des outils de bien-\u00eatre simples pour vous apaiser au quotidien<\/li>\n<\/ul>\n\n\n\n<h2 class=\"wp-block-heading\">Le <mark style=\"background-color:rgba(0, 0, 0, 0)\" class=\"has-inline-color has-primary-color\"><strong>Freemium<\/strong><\/mark> est parfait pour faire un premier pas, briser l\u2019isolement et commencer \u00e0 reprendre le contr\u00f4le de votre \u00e9quilibre \u00e9motionnel.<\/h2>\n\n\n<div class=\"swpm-registration-widget-form\">\n    <form id=\"swpm-registration-form\" class=\"swpm-validate-form\" name=\"swpm-registration-form\" method=\"post\" action=\"\">\n        <input type =\"hidden\" name=\"level_identifier\" value=\"a87ff679a2f3e71d9181a67b7542122c\" \/>\n        <table>\n            <tr class=\"swpm-registration-username-row\" >\n                <td><label for=\"user_name\">Identifiant<\/label><\/td>\n                <td><input type=\"text\" id=\"user_name\" class=\"validate[required,custom[noapostrophe],custom[SWPMUserName],minSize[4],ajax[ajaxUserCall]]\" value=\"\" size=\"50\" name=\"user_name\" \/><\/td>\n            <\/tr>\n            <tr class=\"swpm-registration-email-row\">\n                <td><label for=\"email\">E-mail<\/label><\/td>\n                <td><input type=\"text\" autocomplete=\"off\" id=\"email\" class=\"validate[required,custom[email],ajax[ajaxEmailCall]]\" value=\"\" size=\"50\" name=\"email\" \/><\/td>\n            <\/tr>\n            <tr class=\"swpm-registration-password-row\">\n                <td><label for=\"password\">Mot de passe<\/label><\/td>\n                <td><input type=\"password\" autocomplete=\"off\" id=\"password\" class=\"\" value=\"\" size=\"50\" name=\"password\" \/><\/td>\n            <\/tr>\n            <tr class=\"swpm-registration-password-retype-row\">\n                <td><label for=\"password_re\">R\u00e9p\u00e9tez le Mot de Passe<\/label><\/td>\n                <td><input type=\"password\" autocomplete=\"off\" id=\"password_re\" value=\"\" size=\"50\" name=\"password_re\" \/><\/td>\n            <\/tr>\n            <tr class=\"swpm-registration-firstname-row\" >\n                <td><label for=\"first_name\">Pr\u00e9nom<\/label><\/td>\n                <td><input type=\"text\" id=\"first_name\" value=\"\" size=\"50\" name=\"first_name\" \/><\/td>\n            <\/tr>\n            <tr class=\"swpm-registration-lastname-row\" >\n                <td><label for=\"last_name\">Nom<\/label><\/td>\n                <td><input type=\"text\" id=\"last_name\" value=\"\" size=\"50\" name=\"last_name\" \/><\/td>\n            <\/tr>\n            <tr\n                class=\"swpm-registration-membership-level-row\"\n                                style=\"\"\n            >\n                <td><label for=\"membership_level\">Niveau d\u2019Adh\u00e9sion<\/label><\/td>\n                <td>\n                    Freemium<input type=\"hidden\" value=\"4\" size=\"50\" name=\"swpm_membership_level\" id=\"membership_level\" \/><input type=\"hidden\" name=\"swpm_level_hash\" value=\"73b129d2d4be507d3945e652e76be37c\" \/>                <\/td>\n            <\/tr>\n                            <tr>\n                    <td colspan=\"2\" style=\"text-align: center;\">\n                        <label><input type=\"checkbox\" id=\"swpm-accept-terms\" name=\"accept_terms\" class=\"validate[required]\" value=\"1\"> J\u2019accepte les  <a href=\"https:\/\/psynova.fr\/index.php\/conditions-generales-dutilisation-et-de-vente\/\" target=\"_blank\">Termes & Conditions<\/a><\/label>\n                    <\/td>\n                <\/tr>\n                                <tr>\n                    <td colspan=\"2\" style=\"text-align: center;\">\n                        <label><input type=\"checkbox\" id=\"swpm-accept-pp\" name=\"accept_pp\" class=\"validate[required]\" value=\"1\"> J\u2019accepte les  <a href=\"https:\/\/psynova.fr\/index.php\/settings-privacy\/\" target=\"_blank\">Politique de confidentialit\u00e9<\/a><\/label>\n                    <\/td>\n                <\/tr>\n                        <\/table>\n\n        <div class=\"swpm-before-registration-submit-section\" align=\"center\"><\/div>\n\n        <div class=\"swpm-registration-submit-section\" align=\"center\">\n            <input type=\"submit\" value=\"S\u2019inscrire\" class=\"swpm-registration-submit\" name=\"swpm_registration_submit\" \/>\n        <\/div>\n\n        <input type=\"hidden\" name=\"action\" value=\"custom_posts\" \/>\n\n    <\/form>\n<\/div>\n","protected":false},"excerpt":{"rendered":"<p>Freemium \u2014 Pour D\u00e9couvrir, se soulager doucement Le Freemium vous offre un premier espace pour d\u00e9poser ce que vous ressentez et recevoir une aide imm\u00e9diate. Inclus dans l\u2019offre Freemium : Le Freemium est parfait pour faire un premier pas, briser l\u2019isolement et commencer \u00e0 reprendre le contr\u00f4le de votre \u00e9quilibre \u00e9motionnel.<\/p>\n","protected":false},"author":1,"featured_media":0,"parent":106,"menu_order":0,"comment_status":"closed","ping_status":"closed","template":"","meta":{"footnotes":""},"class_list":["post-107","page","type-page","status-publish","hentry"],"_links":{"self":[{"href":"https:\/\/psynova.fr\/index.php\/wp-json\/wp\/v2\/pages\/107","targetHints":{"allow":["GET"]}}],"collection":[{"href":"https:\/\/psynova.fr\/index.php\/wp-json\/wp\/v2\/pages"}],"about":[{"href":"https:\/\/psynova.fr\/index.php\/wp-json\/wp\/v2\/types\/page"}],"author":[{"embeddable":true,"href":"https:\/\/psynova.fr\/index.php\/wp-json\/wp\/v2\/users\/1"}],"replies":[{"embeddable":true,"href":"https:\/\/psynova.fr\/index.php\/wp-json\/wp\/v2\/comments?post=107"}],"version-history":[{"count":4,"href":"https:\/\/psynova.fr\/index.php\/wp-json\/wp\/v2\/pages\/107\/revisions"}],"predecessor-version":[{"id":431,"href":"https:\/\/psynova.fr\/index.php\/wp-json\/wp\/v2\/pages\/107\/revisions\/431"}],"up":[{"embeddable":true,"href":"https:\/\/psynova.fr\/index.php\/wp-json\/wp\/v2\/pages\/106"}],"wp:attachment":[{"href":"https:\/\/psynova.fr\/index.php\/wp-json\/wp\/v2\/media?parent=107"}],"curies":[{"name":"wp","href":"https:\/\/api.w.org\/{rel}","templated":true}]}}